{"id":1418,"date":"2021-10-22T03:18:06","date_gmt":"2021-10-22T03:18:06","guid":{"rendered":"https:\/\/lojacasadasfolhas.com.br\/site\/?page_id=1418"},"modified":"2022-01-26T13:06:41","modified_gmt":"2022-01-26T13:06:41","slug":"quem-somos","status":"publish","type":"page","link":"https:\/\/lojacasadasfolhas.com.br\/site\/quem-somos\/","title":{"rendered":"Quem Somos"},"content":{"rendered":"<p>[et_pb_section bb_built=&#8221;1&#8243; _builder_version=&#8221;4.9.10&#8243; _module_preset=&#8221;default&#8221; background_image=&#8221;https:\/\/lojacasadasfolhas.com.br\/site\/wp-content\/uploads\/2021\/10\/fundofolhas.jpg&#8221; parallax=&#8221;on&#8221; custom_padding=&#8221;90px||91px|||&#8221; top_divider_height=&#8221;61px&#8221; hover_enabled=&#8221;0&#8243; sticky_enabled=&#8221;0&#8243; next_background_color=&#8221;#ffffff&#8221;][et_pb_row _builder_version=&#8221;4.9.10&#8243; _module_preset=&#8221;default&#8221; background_color=&#8221;rgba(18,61,9,0.39)&#8221; width=&#8221;90%&#8221; module_alignment=&#8221;center&#8221; border_radii=&#8221;on|20px|20px|20px|20px&#8221; hover_enabled=&#8221;0&#8243; sticky_enabled=&#8221;0&#8243;][et_pb_column type=&#8221;4_4&#8243; _builder_version=&#8221;4.9.10&#8243; _module_preset=&#8221;default&#8221;][et_pb_text _builder_version=&#8221;4.9.10&#8243; _module_preset=&#8221;default&#8221; text_font=&#8221;|800|||||||&#8221; text_text_color=&#8221;#FFFFFF&#8221; text_font_size=&#8221;49px&#8221; custom_margin=&#8221;1px|||||&#8221; custom_padding=&#8221;|||20px|false|false&#8221; hover_enabled=&#8221;0&#8243; sticky_enabled=&#8221;0&#8243;]<\/p>\n<p style=\"text-align: center;\">Quem Somos?<\/p>\n<p>[\/et_pb_text][\/et_pb_column][\/et_pb_row][\/et_pb_section][et_pb_section bb_built=&#8221;1&#8243; _builder_version=&#8221;4.9.10&#8243; _module_preset=&#8221;default&#8221; custom_padding=&#8221;21px|||||&#8221; prev_background_color=&#8221;#000000&#8243; next_background_color=&#8221;#004c36&#8243;][et_pb_row _builder_version=&#8221;4.9.10&#8243; _module_preset=&#8221;default&#8221; custom_padding=&#8221;24px|||||&#8221;][et_pb_column type=&#8221;4_4&#8243; _builder_version=&#8221;4.9.10&#8243; _module_preset=&#8221;default&#8221;][et_pb_text _builder_version=&#8221;4.9.10&#8243; _module_preset=&#8221;default&#8221; hover_enabled=&#8221;0&#8243; sticky_enabled=&#8221;0&#8243; text_text_shadow_horizontal_length=&#8221;text_text_shadow_style,%91object Object%93&#8243; text_text_shadow_horizontal_length_tablet=&#8221;0px&#8221; text_text_shadow_vertical_length=&#8221;text_text_shadow_style,%91object Object%93&#8243; text_text_shadow_vertical_length_tablet=&#8221;0px&#8221; text_text_shadow_blur_strength=&#8221;text_text_shadow_style,%91object Object%93&#8243; text_text_shadow_blur_strength_tablet=&#8221;1px&#8221; link_text_shadow_horizontal_length=&#8221;link_text_shadow_style,%91object Object%93&#8243; link_text_shadow_horizontal_length_tablet=&#8221;0px&#8221; link_text_shadow_vertical_length=&#8221;link_text_shadow_style,%91object Object%93&#8243; link_text_shadow_vertical_length_tablet=&#8221;0px&#8221; link_text_shadow_blur_strength=&#8221;link_text_shadow_style,%91object Object%93&#8243; link_text_shadow_blur_strength_tablet=&#8221;1px&#8221; ul_text_shadow_horizontal_length=&#8221;ul_text_shadow_style,%91object Object%93&#8243; ul_text_shadow_horizontal_length_tablet=&#8221;0px&#8221; ul_text_shadow_vertical_length=&#8221;ul_text_shadow_style,%91object Object%93&#8243; ul_text_shadow_vertical_length_tablet=&#8221;0px&#8221; ul_text_shadow_blur_strength=&#8221;ul_text_shadow_style,%91object Object%93&#8243; ul_text_shadow_blur_strength_tablet=&#8221;1px&#8221; ol_text_shadow_horizontal_length=&#8221;ol_text_shadow_style,%91object Object%93&#8243; ol_text_shadow_horizontal_length_tablet=&#8221;0px&#8221; ol_text_shadow_vertical_length=&#8221;ol_text_shadow_style,%91object Object%93&#8243; ol_text_shadow_vertical_length_tablet=&#8221;0px&#8221; ol_text_shadow_blur_strength=&#8221;ol_text_shadow_style,%91object Object%93&#8243; ol_text_shadow_blur_strength_tablet=&#8221;1px&#8221; quote_text_shadow_horizontal_length=&#8221;quote_text_shadow_style,%91object Object%93&#8243; quote_text_shadow_horizontal_length_tablet=&#8221;0px&#8221; quote_text_shadow_vertical_length=&#8221;quote_text_shadow_style,%91object Object%93&#8243; quote_text_shadow_vertical_length_tablet=&#8221;0px&#8221; quote_text_shadow_blur_strength=&#8221;quote_text_shadow_style,%91object Object%93&#8243; quote_text_shadow_blur_strength_tablet=&#8221;1px&#8221; header_text_shadow_horizontal_length=&#8221;header_text_shadow_style,%91object Object%93&#8243; header_text_shadow_horizontal_length_tablet=&#8221;0px&#8221; header_text_shadow_vertical_length=&#8221;header_text_shadow_style,%91object Object%93&#8243; header_text_shadow_vertical_length_tablet=&#8221;0px&#8221; header_text_shadow_blur_strength=&#8221;header_text_shadow_style,%91object Object%93&#8243; header_text_shadow_blur_strength_tablet=&#8221;1px&#8221; header_2_text_shadow_horizontal_length=&#8221;header_2_text_shadow_style,%91object Object%93&#8243; header_2_text_shadow_horizontal_length_tablet=&#8221;0px&#8221; header_2_text_shadow_vertical_length=&#8221;header_2_text_shadow_style,%91object Object%93&#8243; header_2_text_shadow_vertical_length_tablet=&#8221;0px&#8221; header_2_text_shadow_blur_strength=&#8221;header_2_text_shadow_style,%91object Object%93&#8243; header_2_text_shadow_blur_strength_tablet=&#8221;1px&#8221; header_3_text_shadow_horizontal_length=&#8221;header_3_text_shadow_style,%91object Object%93&#8243; header_3_text_shadow_horizontal_length_tablet=&#8221;0px&#8221; header_3_text_shadow_vertical_length=&#8221;header_3_text_shadow_style,%91object Object%93&#8243; header_3_text_shadow_vertical_length_tablet=&#8221;0px&#8221; header_3_text_shadow_blur_strength=&#8221;header_3_text_shadow_style,%91object Object%93&#8243; header_3_text_shadow_blur_strength_tablet=&#8221;1px&#8221; header_4_text_shadow_horizontal_length=&#8221;header_4_text_shadow_style,%91object Object%93&#8243; header_4_text_shadow_horizontal_length_tablet=&#8221;0px&#8221; header_4_text_shadow_vertical_length=&#8221;header_4_text_shadow_style,%91object Object%93&#8243; header_4_text_shadow_vertical_length_tablet=&#8221;0px&#8221; header_4_text_shadow_blur_strength=&#8221;header_4_text_shadow_style,%91object Object%93&#8243; header_4_text_shadow_blur_strength_tablet=&#8221;1px&#8221; header_5_text_shadow_horizontal_length=&#8221;header_5_text_shadow_style,%91object Object%93&#8243; header_5_text_shadow_horizontal_length_tablet=&#8221;0px&#8221; header_5_text_shadow_vertical_length=&#8221;header_5_text_shadow_style,%91object Object%93&#8243; header_5_text_shadow_vertical_length_tablet=&#8221;0px&#8221; header_5_text_shadow_blur_strength=&#8221;header_5_text_shadow_style,%91object Object%93&#8243; header_5_text_shadow_blur_strength_tablet=&#8221;1px&#8221; header_6_text_shadow_horizontal_length=&#8221;header_6_text_shadow_style,%91object Object%93&#8243; header_6_text_shadow_horizontal_length_tablet=&#8221;0px&#8221; header_6_text_shadow_vertical_length=&#8221;header_6_text_shadow_style,%91object Object%93&#8243; header_6_text_shadow_vertical_length_tablet=&#8221;0px&#8221; header_6_text_shadow_blur_strength=&#8221;header_6_text_shadow_style,%91object Object%93&#8243; header_6_text_shadow_blur_strength_tablet=&#8221;1px&#8221; box_shadow_horizontal_tablet=&#8221;0px&#8221; box_shadow_vertical_tablet=&#8221;0px&#8221; box_shadow_blur_tablet=&#8221;40px&#8221; box_shadow_spread_tablet=&#8221;0px&#8221; vertical_offset_tablet=&#8221;0&#8243; horizontal_offset_tablet=&#8221;0&#8243; z_index_tablet=&#8221;0&#8243;]<\/p>\n<p>\u00a0<\/p>\n<p>Dezembro de 2019 conversando com o contador da uma empresa de auto pe\u00e7as que n\u00f3s temos aqui em S\u00e3o Manuel, ele comentou que tinha comprado mudas de ora pro n\u00f3bis e plantado na ch\u00e1cara dele e estavam bonitas. Se eu queria folhas ele traria, porque era bom para fraqueza anemia por ter alto teor de prote\u00edna. Havia gasto 180 reais com as 3 mudas mas j\u00e1 tinham propagado bastante. Acontece que eu tenho um bisnetinho na \u00e9poca 1 ano mais ou menos, nasceu na Unesp com 1.200 kg fraquinho. A pediatra disse que ele n\u00e3o viveria, ficou na estufa do hospital. Saiu com 900 gramas de peso com refluxo, cabia na palma da m\u00e3o. Nesse momento eu me lembrei dele, fiz v\u00e1rias pesquisas sobre o tal de ora pro n\u00f3bis e confirmei que queria, vou levar para o meu bisneto para ele ganhar for\u00e7a e peso. Ser\u00e1 um presente sem pre\u00e7o. Na segunda feira seguinte o contador amigo me ligou dizendo que a ora pro n\u00f3bis est\u00e1 aqui se voc\u00ea quer? Respondi quero vou buscar na hora do almo\u00e7o, assim fiz. Ele me entregou um ma\u00e7o com aqueles ramos todos, cheios de espinhos e disse, tira as folhas e coloca nos alimentos bem picadinhos que ele consegue comer. Levei aquele emaranhado de ramas, desfolhei, cortei os ramos em peda\u00e7os de 25 cent\u00edmetros mais ou menos e plantei. Foram 42 mudas postas no ch\u00e3o com a esperan\u00e7a de ajudar no tratamento do pequeno Zaqueu meu bisneto. As folhas foram para casa no mesmo dia. Faz pra ele, \u00e9 bom!<\/p>\n<p>Fui pesquisar a fundo tudo sobre a ora pro n\u00f3bis, comprei livros sobre plantas medicinais (Pancs, produtos aliment\u00edcios n\u00e3o convencionais). Descobri uma infinidade de produtos, alimentos, ch\u00e1s, que fazem bem a sa\u00fade, para crian\u00e7as, adultos, homens e mulheres, para naturalistas, vegetarianos, veganos.<\/p>\n<p>A ora pro n\u00f3bis tem 25% de prote\u00ednas na farinha (ela seca e moida) melhora o intestino, previne e combate anemia, aumenta a imunidade, vitaminas A e C, ferro, imunidade dos ossos, dentes, cabelos, unhas, melhora a vis\u00e3o, ajuda emagrecer.<\/p>\n<p>Decidi naqueles dias que vou montar uma horta urbana com Pancs (alimentos n\u00e3o convencionais) que s\u00e3o bons a sa\u00fade, tirei algumas coisas dos fundos da nossa empresa, abri um espa\u00e7o e m\u00e3os a obra.<\/p>\n<p>Bem a\u00ed voltei ao contador falei dos meus planos e ele disse: vou te trazer 3 mudas que eu fiz no saquinho a voc\u00ea planta. Assim ele fez, na segunda feira seguinte ele ligou, v\u00eam buscar, elas est\u00e3o compridas cheias de ramas e muito espinho, cortei os ramos e plantei as mudas podadas, tirei as folhas dos ramos e como j\u00e1 estava lendo sobre a tal plantinha resolvi, vou secar as folhas e fazer farinha. Fiz, bati no liquidificador ficou um p\u00f3, e levei para casa. Agora coloca no leite na sopa na carne no suco no ch\u00e1 no arroz no feij\u00e3o e for\u00e7a bisneto.<\/p>\n<p>Hoje ele est\u00e1 forte boa altura, um pouco magrinho, mas nada que preocupe.<\/p>\n<p>O pequeno Zaqueu, o grande inspirador da nossa Casa Das Folhas.<\/p>\n<p>Levanto de manh\u00e3 e fa\u00e7o duas horas de servi\u00e7o na horta antes de abrir o comercio de pe\u00e7as as 8 horas. Temos hoje mais ou menos 30 produtos j\u00e1 em condi\u00e7\u00e3o de venda, por isso, juntamente com minha neta J\u00eanifer, m\u00e3e do Zaqueu, estamos trabalhando juntos e colocando a disposi\u00e7\u00e3o de quem possa interessar nossos produtos na Casa Das Folhas, ch\u00e1 e sa\u00fade.<\/p>\n<p>Produtos naturais em horta urbana sem agrot\u00f3xicos, sem produtos qu\u00edmicos. Fertilizados com composto vegetal de folhas de \u00e1rvores, matos da pr\u00f3pria horta. Somos vizinhos de uma serralheria de eucalipto e usamos a serragem de madeira, palhas de arroz e caf\u00e9 como fertilizantes tamb\u00e9m cascas de frutas.<\/p>\n<p>Para quem gosta de produtos naturais, vegetarianos e veganos.<\/p>\n<p>Obrigado a todos.<\/p>\n<p>[\/et_pb_text][\/et_pb_column][\/et_pb_row][et_pb_row _builder_version=&#8221;4.9.10&#8243; _module_preset=&#8221;default&#8221;][et_pb_column type=&#8221;4_4&#8243; _builder_version=&#8221;4.9.10&#8243; _module_preset=&#8221;default&#8221;][et_pb_image src=&#8221;https:\/\/lojacasadasfolhas.com.br\/site\/wp-content\/uploads\/2021\/10\/logo_casadasfolhas_320px.png&#8221; _builder_version=&#8221;4.9.10&#8243; _module_preset=&#8221;default&#8221; title_text=&#8221;logo_casadasfolhas_320px&#8221; max_width=&#8221;320px&#8221; module_alignment=&#8221;center&#8221; hover_enabled=&#8221;0&#8243; sticky_enabled=&#8221;0&#8243;]<\/p>\n<p><\/p>\n<p>[\/et_pb_image][\/et_pb_column][\/et_pb_row][\/et_pb_section][et_pb_section bb_built=&#8221;1&#8243; _builder_version=&#8221;4.9.10&#8243; _module_preset=&#8221;default&#8221; background_color=&#8221;#004c36&#8243; background_enable_image=&#8221;off&#8221; custom_padding=&#8221;29px||29px|||&#8221; border_width_top=&#8221;9px&#8221; border_color_top=&#8221;#7CDA24&#8243; prev_background_color=&#8221;#ffffff&#8221;][et_pb_row _builder_version=&#8221;4.9.10&#8243; _module_preset=&#8221;default&#8221; custom_padding=&#8221;||12px|||&#8221;][et_pb_column type=&#8221;4_4&#8243; _builder_version=&#8221;4.9.10&#8243; _module_preset=&#8221;default&#8221;][et_pb_signup provider=&#8221;mailpoet&#8221; mailpoet_list=&#8221;add_new_account&#8221; name_field=&#8221;on&#8221; title=&#8221;Recerber ofertas!&#8221; button_text=&#8221;Cadastrar!&#8221; description=&#8221;<\/p>\n<p>Assine para eceber ofertas exclusivas sobre nossos produtos e servi\u00e7os.<br \/>N\u00e3o encaminhamos SPAM. e voc\u00ea pode assinar tranquilo!<\/p>\n<p>Abra\u00e7o de nossa equipe! \ud83d\ude42<\/p>\n<p>&#8221; _builder_version=&#8221;4.9.10&#8243; _module_preset=&#8221;default&#8221; header_font=&#8221;|700|||||||&#8221; header_font_size=&#8221;34px&#8221; background_enable_color=&#8221;off&#8221; \/][\/et_pb_column][\/et_pb_row][\/et_pb_section]<\/p>\n<div style=\"padding-bottom:20px; padding-top:10px;\" class=\"hupso-share-buttons\"><!-- Hupso Share Buttons - https:\/\/www.hupso.com\/share\/ --><a class=\"hupso_counters\" href=\"https:\/\/www.hupso.com\/share\/\"><img decoding=\"async\" src=\"https:\/\/static.hupso.com\/share\/buttons\/dot.png\" style=\"border:0px; padding-top:2px; float:left;\" alt=\"Share Button\"\/><\/a><script type=\"text\/javascript\">var hupso_services_c=new Array(\"twitter\",\"facebook_like\",\"facebook_send\",\"google\",\"pinterest\",\"email\",\"print\",\"linkedin\");var hupso_counters_lang = \"pt_BR\";var hupso_image_folder_url = \"\";var hupso_url_c=\"\";var hupso_title_c=\"Quem%20Somos\";<\/script><script type=\"text\/javascript\" src=\"https:\/\/static.hupso.com\/share\/js\/counters.js\"><\/script><!-- Hupso Share Buttons --><\/div>","protected":false},"excerpt":{"rendered":"<p>Quem Somos? \u00a0Dezembro de 2019 conversando com o contador da uma empresa de auto pe\u00e7as que n\u00f3s temos aqui em S\u00e3o Manuel, ele comentou que tinha comprado mudas de ora pro n\u00f3bis e plantado na ch\u00e1cara dele e estavam bonitas. Se eu queria folhas ele traria, porque era bom para fraqueza anemia por ter alto [&hellip;]<\/p>\n","protected":false},"author":1,"featured_media":0,"parent":0,"menu_order":0,"comment_status":"closed","ping_status":"closed","template":"","meta":{"_et_pb_use_builder":"on","_et_pb_old_content":"","_et_gb_content_width":"","footnotes":""},"_links":{"self":[{"href":"https:\/\/lojacasadasfolhas.com.br\/site\/wp-json\/wp\/v2\/pages\/1418"}],"collection":[{"href":"https:\/\/lojacasadasfolhas.com.br\/site\/wp-json\/wp\/v2\/pages"}],"about":[{"href":"https:\/\/lojacasadasfolhas.com.br\/site\/wp-json\/wp\/v2\/types\/page"}],"author":[{"embeddable":true,"href":"https:\/\/lojacasadasfolhas.com.br\/site\/wp-json\/wp\/v2\/users\/1"}],"replies":[{"embeddable":true,"href":"https:\/\/lojacasadasfolhas.com.br\/site\/wp-json\/wp\/v2\/comments?post=1418"}],"version-history":[{"count":3,"href":"https:\/\/lojacasadasfolhas.com.br\/site\/wp-json\/wp\/v2\/pages\/1418\/revisions"}],"predecessor-version":[{"id":1605,"href":"https:\/\/lojacasadasfolhas.com.br\/site\/wp-json\/wp\/v2\/pages\/1418\/revisions\/1605"}],"wp:attachment":[{"href":"https:\/\/lojacasadasfolhas.com.br\/site\/wp-json\/wp\/v2\/media?parent=1418"}],"curies":[{"name":"wp","href":"https:\/\/api.w.org\/{rel}","templated":true}]}}