{"id":1351,"date":"2021-10-21T23:17:08","date_gmt":"2021-10-21T23:17:08","guid":{"rendered":"https:\/\/lojacasadasfolhas.com.br\/site\/?post_type=product&#038;p=1351"},"modified":"2025-09-17T16:29:26","modified_gmt":"2025-09-17T16:29:26","slug":"embauba","status":"publish","type":"product","link":"https:\/\/lojacasadasfolhas.com.br\/site\/produto\/embauba\/","title":{"rendered":"Emba\u00faba- 250 gramas"},"content":{"rendered":"<p>Pacote com 250 gramas de folhas desidratadas de emba\u00faba.<\/p>\n<p><strong>Nome popular:<\/strong> \u00e1rvore da pregui\u00e7a, pau-de-lixa, umba\u00faba.<\/p>\n<p><strong>Princ\u00edpios ativos:<\/strong> alcaloides cecropina, o glucoside ambaina, \u00e1cido g\u00e1lico, resina.<\/p>\n<p><strong>Indica\u00e7\u00f5es:<\/strong> afec\u00e7\u00f5es das vias respirat\u00f3rias (asma, bronquite, tosse, coqueluche), debilidade cardiomuscular, alig\u00faria, an\u00faria, diabetes, hidropisia.<\/p>\n<p><strong>Modo de usar:<\/strong> ch\u00e1 por infus\u00e3o, 1 colher de ch\u00e1 por x\u00edcara de \u00e1gua fervente. Tomar de 3 a 4 x\u00edcaras ao dia.<\/p>\n<p><strong>Contraindica\u00e7\u00f5es:<\/strong> N\u00e3o foram encontrados efeitos colaterais.<\/p>\n<div style=\"padding-bottom:20px; padding-top:10px;\" class=\"hupso-share-buttons\"><!-- Hupso Share Buttons - https:\/\/www.hupso.com\/share\/ --><a class=\"hupso_counters\" href=\"https:\/\/www.hupso.com\/share\/\"><img decoding=\"async\" src=\"https:\/\/static.hupso.com\/share\/buttons\/dot.png\" style=\"border:0px; padding-top:2px; float:left;\" alt=\"Share Button\"\/><\/a><script type=\"text\/javascript\">var hupso_services_c=new Array(\"twitter\",\"facebook_like\",\"facebook_send\",\"google\",\"pinterest\",\"email\",\"print\",\"linkedin\");var hupso_counters_lang = \"pt_BR\";var hupso_image_folder_url = \"\";var hupso_url_c=\"\";var hupso_title_c=\"Emba%C3%BAba-%20250%20gramas\";<\/script><script type=\"text\/javascript\" src=\"https:\/\/static.hupso.com\/share\/js\/counters.js\"><\/script><!-- Hupso Share Buttons --><\/div>","protected":false},"excerpt":{"rendered":"<p>Pacote com 250 gramas de folhas desidratadas de emba\u00faba. Nome popular: \u00e1rvore da pregui\u00e7a, pau-de-lixa, umba\u00faba. Princ\u00edpios ativos: alcaloides cecropina, o glucoside ambaina, \u00e1cido g\u00e1lico, resina. Indica\u00e7\u00f5es: afec\u00e7\u00f5es das vias respirat\u00f3rias (asma, bronquite, tosse, coqueluche), debilidade cardiomuscular, alig\u00faria, an\u00faria, diabetes, hidropisia. Modo de usar: ch\u00e1 por infus\u00e3o, 1 colher de ch\u00e1 por x\u00edcara de \u00e1gua [&hellip;]<\/p>\n","protected":false},"featured_media":1495,"comment_status":"open","ping_status":"closed","template":"","meta":{"_et_pb_use_builder":"","_et_pb_old_content":"","_et_gb_content_width":""},"product_cat":[23],"product_tag":[],"_links":{"self":[{"href":"https:\/\/lojacasadasfolhas.com.br\/site\/wp-json\/wp\/v2\/product\/1351"}],"collection":[{"href":"https:\/\/lojacasadasfolhas.com.br\/site\/wp-json\/wp\/v2\/product"}],"about":[{"href":"https:\/\/lojacasadasfolhas.com.br\/site\/wp-json\/wp\/v2\/types\/product"}],"replies":[{"embeddable":true,"href":"https:\/\/lojacasadasfolhas.com.br\/site\/wp-json\/wp\/v2\/comments?post=1351"}],"wp:featuredmedia":[{"embeddable":true,"href":"https:\/\/lojacasadasfolhas.com.br\/site\/wp-json\/wp\/v2\/media\/1495"}],"wp:attachment":[{"href":"https:\/\/lojacasadasfolhas.com.br\/site\/wp-json\/wp\/v2\/media?parent=1351"}],"wp:term":[{"taxonomy":"product_cat","embeddable":true,"href":"https:\/\/lojacasadasfolhas.com.br\/site\/wp-json\/wp\/v2\/product_cat?post=1351"},{"taxonomy":"product_tag","embeddable":true,"href":"https:\/\/lojacasadasfolhas.com.br\/site\/wp-json\/wp\/v2\/product_tag?post=1351"}],"curies":[{"name":"wp","href":"https:\/\/api.w.org\/{rel}","templated":true}]}}