{"id":1354,"date":"2021-10-21T23:18:42","date_gmt":"2021-10-21T23:18:42","guid":{"rendered":"https:\/\/lojacasadasfolhas.com.br\/site\/?post_type=product&#038;p=1354"},"modified":"2025-09-17T16:29:03","modified_gmt":"2025-09-17T16:29:03","slug":"manga-folhas","status":"publish","type":"product","link":"https:\/\/lojacasadasfolhas.com.br\/site\/produto\/manga-folhas\/","title":{"rendered":"Manga Rosa- 250 gramas de folhas"},"content":{"rendered":"<p>Pacote com 250 gramas de folhas desidratadas de manga rosa.<\/p>\n<p><strong>Nome popular:<\/strong> manga<\/p>\n<p><strong>Princ\u00edpios ativos:<\/strong> mangiferol, mangiferina, monoterpenos, \u00e9steres et\u00edlicos, etanol, metacrilato de etila, limonen-4-ol, p-cimen-8-ol, eucarvona, \u03b3-elemeno, \u03b1-amorfeno.<\/p>\n<p><strong>Indica\u00e7\u00f5es:<\/strong> gripes, diarreia, disenteria cr\u00f4nica, catarro da bexiga, uretrite, reumatismo, difteria, hemorragia, sangramento de hemorroidas, febre, dores no peito, diabetes, hipertens\u00e3o.<\/p>\n<p><strong>Modo de usar:<\/strong> ch\u00e1 por infus\u00e3o, 1 colher de ch\u00e1 para 500 ml\u00a0 de \u00e1gua fervente. Tomar no per\u00edodo de 12 horas<\/p>\n<p><strong>Contraindica\u00e7\u00f5es:<\/strong> N\u00e3o foram encontrados efeitos colaterais.<\/p>\n<div style=\"padding-bottom:20px; padding-top:10px;\" class=\"hupso-share-buttons\"><!-- Hupso Share Buttons - https:\/\/www.hupso.com\/share\/ --><a class=\"hupso_counters\" href=\"https:\/\/www.hupso.com\/share\/\"><img decoding=\"async\" src=\"https:\/\/static.hupso.com\/share\/buttons\/dot.png\" style=\"border:0px; padding-top:2px; float:left;\" alt=\"Share Button\"\/><\/a><script type=\"text\/javascript\">var hupso_services_c=new Array(\"twitter\",\"facebook_like\",\"facebook_send\",\"google\",\"pinterest\",\"email\",\"print\",\"linkedin\");var hupso_counters_lang = \"pt_BR\";var hupso_image_folder_url = \"\";var hupso_url_c=\"\";var hupso_title_c=\"Manga%20Rosa-%20250%20gramas%20de%20folhas\";<\/script><script type=\"text\/javascript\" src=\"https:\/\/static.hupso.com\/share\/js\/counters.js\"><\/script><!-- Hupso Share Buttons --><\/div>","protected":false},"excerpt":{"rendered":"<p>Pacote com 250 gramas de folhas desidratadas de manga rosa. Nome popular: manga Princ\u00edpios ativos: mangiferol, mangiferina, monoterpenos, \u00e9steres et\u00edlicos, etanol, metacrilato de etila, limonen-4-ol, p-cimen-8-ol, eucarvona, \u03b3-elemeno, \u03b1-amorfeno. Indica\u00e7\u00f5es: gripes, diarreia, disenteria cr\u00f4nica, catarro da bexiga, uretrite, reumatismo, difteria, hemorragia, sangramento de hemorroidas, febre, dores no peito, diabetes, hipertens\u00e3o. Modo de usar: ch\u00e1 por [&hellip;]<\/p>\n","protected":false},"featured_media":1695,"comment_status":"open","ping_status":"closed","template":"","meta":{"_et_pb_use_builder":"","_et_pb_old_content":"","_et_gb_content_width":""},"product_cat":[23],"product_tag":[],"_links":{"self":[{"href":"https:\/\/lojacasadasfolhas.com.br\/site\/wp-json\/wp\/v2\/product\/1354"}],"collection":[{"href":"https:\/\/lojacasadasfolhas.com.br\/site\/wp-json\/wp\/v2\/product"}],"about":[{"href":"https:\/\/lojacasadasfolhas.com.br\/site\/wp-json\/wp\/v2\/types\/product"}],"replies":[{"embeddable":true,"href":"https:\/\/lojacasadasfolhas.com.br\/site\/wp-json\/wp\/v2\/comments?post=1354"}],"wp:featuredmedia":[{"embeddable":true,"href":"https:\/\/lojacasadasfolhas.com.br\/site\/wp-json\/wp\/v2\/media\/1695"}],"wp:attachment":[{"href":"https:\/\/lojacasadasfolhas.com.br\/site\/wp-json\/wp\/v2\/media?parent=1354"}],"wp:term":[{"taxonomy":"product_cat","embeddable":true,"href":"https:\/\/lojacasadasfolhas.com.br\/site\/wp-json\/wp\/v2\/product_cat?post=1354"},{"taxonomy":"product_tag","embeddable":true,"href":"https:\/\/lojacasadasfolhas.com.br\/site\/wp-json\/wp\/v2\/product_tag?post=1354"}],"curies":[{"name":"wp","href":"https:\/\/api.w.org\/{rel}","templated":true}]}}