{"id":1363,"date":"2021-10-21T23:25:46","date_gmt":"2021-10-21T23:25:46","guid":{"rendered":"https:\/\/lojacasadasfolhas.com.br\/site\/?post_type=product&#038;p=1363"},"modified":"2026-03-12T14:24:56","modified_gmt":"2026-03-12T14:24:56","slug":"abacate-folhas","status":"publish","type":"product","link":"https:\/\/lojacasadasfolhas.com.br\/site\/produto\/abacate-folhas\/","title":{"rendered":"Abacate- 200 gramas de folhas"},"content":{"rendered":"<p>Pacote com 200 gramas de folhas secas de abacate.<\/p>\n<p><strong>Nome popular:<\/strong> abacate, abacateiro.<\/p>\n<p><strong>Princ\u00edpios ativos:<\/strong> \u00e1cidos, peptona, b-galactosidade, \u00e1cido absc\u00edsico glicosilado, alcaloides, celulose, enzimas poligalacturonases, poliuron\u00eddeos, citocromo P-450 e \u00f3leos vol\u00e1teis.<\/p>\n<p><strong>Indica\u00e7\u00f5es:<\/strong> Dor de cabe\u00e7a reum\u00e1tica, contus\u00e3o, diarreia, disenteria.<\/p>\n<p><strong>Modo de usar:<\/strong> ch\u00e1 por infus\u00e3o. 1 colher de sopa para 500 ml de \u00e1gua fervente. Deixar descansar por 10 minutos. Tomar de 1 a 2 x\u00edcaras ao dia.<\/p>\n<p><strong>Contraindica\u00e7\u00f5es<\/strong>: N\u00e3o foram encontrados efeitos colaterais.<\/p>\n<div style=\"padding-bottom:20px; padding-top:10px;\" class=\"hupso-share-buttons\"><!-- Hupso Share Buttons - https:\/\/www.hupso.com\/share\/ --><a class=\"hupso_counters\" href=\"https:\/\/www.hupso.com\/share\/\"><img decoding=\"async\" src=\"https:\/\/static.hupso.com\/share\/buttons\/dot.png\" style=\"border:0px; padding-top:2px; float:left;\" alt=\"Share Button\"\/><\/a><script type=\"text\/javascript\">var hupso_services_c=new Array(\"twitter\",\"facebook_like\",\"facebook_send\",\"google\",\"pinterest\",\"email\",\"print\",\"linkedin\");var hupso_counters_lang = \"pt_BR\";var hupso_image_folder_url = \"\";var hupso_url_c=\"\";var hupso_title_c=\"Abacate-%20200%20gramas%20de%20folhas\";<\/script><script type=\"text\/javascript\" src=\"https:\/\/static.hupso.com\/share\/js\/counters.js\"><\/script><!-- Hupso Share Buttons --><\/div>","protected":false},"excerpt":{"rendered":"<p>Pacote com 200 gramas de folhas secas de abacate. Nome popular: abacate, abacateiro. Princ\u00edpios ativos: \u00e1cidos, peptona, b-galactosidade, \u00e1cido absc\u00edsico glicosilado, alcaloides, celulose, enzimas poligalacturonases, poliuron\u00eddeos, citocromo P-450 e \u00f3leos vol\u00e1teis. Indica\u00e7\u00f5es: Dor de cabe\u00e7a reum\u00e1tica, contus\u00e3o, diarreia, disenteria. Modo de usar: ch\u00e1 por infus\u00e3o. 1 colher de sopa para 500 ml de \u00e1gua fervente. [&hellip;]<\/p>\n","protected":false},"featured_media":1504,"comment_status":"open","ping_status":"closed","template":"","meta":{"_et_pb_use_builder":"","_et_pb_old_content":"","_et_gb_content_width":""},"product_cat":[23],"product_tag":[],"_links":{"self":[{"href":"https:\/\/lojacasadasfolhas.com.br\/site\/wp-json\/wp\/v2\/product\/1363"}],"collection":[{"href":"https:\/\/lojacasadasfolhas.com.br\/site\/wp-json\/wp\/v2\/product"}],"about":[{"href":"https:\/\/lojacasadasfolhas.com.br\/site\/wp-json\/wp\/v2\/types\/product"}],"replies":[{"embeddable":true,"href":"https:\/\/lojacasadasfolhas.com.br\/site\/wp-json\/wp\/v2\/comments?post=1363"}],"wp:featuredmedia":[{"embeddable":true,"href":"https:\/\/lojacasadasfolhas.com.br\/site\/wp-json\/wp\/v2\/media\/1504"}],"wp:attachment":[{"href":"https:\/\/lojacasadasfolhas.com.br\/site\/wp-json\/wp\/v2\/media?parent=1363"}],"wp:term":[{"taxonomy":"product_cat","embeddable":true,"href":"https:\/\/lojacasadasfolhas.com.br\/site\/wp-json\/wp\/v2\/product_cat?post=1363"},{"taxonomy":"product_tag","embeddable":true,"href":"https:\/\/lojacasadasfolhas.com.br\/site\/wp-json\/wp\/v2\/product_tag?post=1363"}],"curies":[{"name":"wp","href":"https:\/\/api.w.org\/{rel}","templated":true}]}}