{"id":1543,"date":"2021-12-21T14:10:20","date_gmt":"2021-12-21T14:10:20","guid":{"rendered":"https:\/\/lojacasadasfolhas.com.br\/site\/?post_type=product&#038;p=1543"},"modified":"2025-09-17T16:24:25","modified_gmt":"2025-09-17T16:24:25","slug":"ora-pro-nobis-farinha-3","status":"publish","type":"product","link":"https:\/\/lojacasadasfolhas.com.br\/site\/produto\/ora-pro-nobis-farinha-3\/","title":{"rendered":"Ora Pro N\u00f3bis em p\u00f3 250 gramas"},"content":{"rendered":"<p>Pacote com 200 gramas de folhas de ora pro nobis em p\u00f3.<\/p>\n<p><strong>Nome popular:<\/strong> trepadeira-lim\u00e3o, groselha-de-barbados, lobrobo, carne-de-pobre.<\/p>\n<p><strong>Princ\u00edpios ativos:<\/strong> prote\u00ednas, lisina, vitaminas A, B e C, c\u00e1lcio, f\u00f3sforo, ferro, magn\u00e9sio.<\/p>\n<p><strong>Indica\u00e7\u00f5es:<\/strong> Planta valiosa pelo alto teor nutritivo. Na medicina popular \u00e9 empregada externamente como emoliente.<\/p>\n<p><strong>Modo de usar:<\/strong> tanto as flores quanto as folhas s\u00e3o usados na culin\u00e1ria (leite, ch\u00e1s, sopas, feij\u00e3o, omeletes, refogados, saladas, tortas, p\u00e3es, bolos, etc.)<\/p>\n<p><strong>Contraindica\u00e7\u00f5es:<\/strong> N\u00e3o foram encontrados efeitos colaterais.<\/p>\n<div style=\"padding-bottom:20px; padding-top:10px;\" class=\"hupso-share-buttons\"><!-- Hupso Share Buttons - https:\/\/www.hupso.com\/share\/ --><a class=\"hupso_counters\" href=\"https:\/\/www.hupso.com\/share\/\"><img decoding=\"async\" src=\"https:\/\/static.hupso.com\/share\/buttons\/dot.png\" style=\"border:0px; padding-top:2px; float:left;\" alt=\"Share Button\"\/><\/a><script type=\"text\/javascript\">var hupso_services_c=new Array(\"twitter\",\"facebook_like\",\"facebook_send\",\"google\",\"pinterest\",\"email\",\"print\",\"linkedin\");var hupso_counters_lang = \"pt_BR\";var hupso_image_folder_url = \"\";var hupso_url_c=\"\";var hupso_title_c=\"Ora%20Pro%20N%C3%B3bis%20em%20p%C3%B3%20250%20gramas\";<\/script><script type=\"text\/javascript\" src=\"https:\/\/static.hupso.com\/share\/js\/counters.js\"><\/script><!-- Hupso Share Buttons --><\/div>","protected":false},"excerpt":{"rendered":"<p>Pacote com 200 gramas de folhas de ora pro nobis em p\u00f3. Nome popular: trepadeira-lim\u00e3o, groselha-de-barbados, lobrobo, carne-de-pobre. Princ\u00edpios ativos: prote\u00ednas, lisina, vitaminas A, B e C, c\u00e1lcio, f\u00f3sforo, ferro, magn\u00e9sio. Indica\u00e7\u00f5es: Planta valiosa pelo alto teor nutritivo. Na medicina popular \u00e9 empregada externamente como emoliente. Modo de usar: tanto as flores quanto as folhas [&hellip;]<\/p>\n","protected":false},"featured_media":1498,"comment_status":"open","ping_status":"closed","template":"","meta":{"_et_pb_use_builder":"","_et_pb_old_content":"","_et_gb_content_width":""},"product_cat":[23],"product_tag":[],"_links":{"self":[{"href":"https:\/\/lojacasadasfolhas.com.br\/site\/wp-json\/wp\/v2\/product\/1543"}],"collection":[{"href":"https:\/\/lojacasadasfolhas.com.br\/site\/wp-json\/wp\/v2\/product"}],"about":[{"href":"https:\/\/lojacasadasfolhas.com.br\/site\/wp-json\/wp\/v2\/types\/product"}],"replies":[{"embeddable":true,"href":"https:\/\/lojacasadasfolhas.com.br\/site\/wp-json\/wp\/v2\/comments?post=1543"}],"wp:featuredmedia":[{"embeddable":true,"href":"https:\/\/lojacasadasfolhas.com.br\/site\/wp-json\/wp\/v2\/media\/1498"}],"wp:attachment":[{"href":"https:\/\/lojacasadasfolhas.com.br\/site\/wp-json\/wp\/v2\/media?parent=1543"}],"wp:term":[{"taxonomy":"product_cat","embeddable":true,"href":"https:\/\/lojacasadasfolhas.com.br\/site\/wp-json\/wp\/v2\/product_cat?post=1543"},{"taxonomy":"product_tag","embeddable":true,"href":"https:\/\/lojacasadasfolhas.com.br\/site\/wp-json\/wp\/v2\/product_tag?post=1543"}],"curies":[{"name":"wp","href":"https:\/\/api.w.org\/{rel}","templated":true}]}}