{"id":1545,"date":"2021-12-21T14:15:59","date_gmt":"2021-12-21T14:15:59","guid":{"rendered":"https:\/\/lojacasadasfolhas.com.br\/site\/?post_type=product&#038;p=1545"},"modified":"2026-03-11T15:42:49","modified_gmt":"2026-03-11T15:42:49","slug":"jatoba-farinha-da-polpa-2","status":"publish","type":"product","link":"https:\/\/lojacasadasfolhas.com.br\/site\/produto\/jatoba-farinha-da-polpa-2\/","title":{"rendered":"Jatob\u00e1 fruto inteiro- 1 kg"},"content":{"rendered":"<p><strong>Nome popular:<\/strong> Jata\u00ed, jata\u00ed-a\u00e7u, jata\u00edba, aboti-timbai.<\/p>\n<p><strong>Princ\u00edpio ativo:<\/strong> Pectina, sais minerais, prote\u00ednas, gorduras, mucilagens, c\u00e1lcio, f\u00f3sforo, ferro, pot\u00e1ssio e magn\u00e9sio.<\/p>\n<p><strong>Propriedades:<\/strong> Adstringentes, antibacteriana, antiespasm\u00f3dica, antif\u00fangica, anti-inflamat\u00f3ria, peitoral, verm\u00edfuga, estom\u00e1quica.<\/p>\n<p><strong>Indica\u00e7\u00f5es:<\/strong> Combate cistites, dis\u00faria, an\u00faria, prostatite, dores no est\u00f4mago, peito e costas, fraturas, artrite, diarreia, asma, bronquite, tosse, febre.<\/p>\n<p><strong>Modo de usar:<\/strong> Pode ser usada no preparo de bolos, p\u00e3es misturados com a farinha de trigo.<\/p>\n<p><strong>Contraindica\u00e7\u00f5es<\/strong>: N\u00e3o foram encontrados efeitos colaterais.<\/p>\n<div style=\"padding-bottom:20px; padding-top:10px;\" class=\"hupso-share-buttons\"><!-- Hupso Share Buttons - https:\/\/www.hupso.com\/share\/ --><a class=\"hupso_counters\" href=\"https:\/\/www.hupso.com\/share\/\"><img decoding=\"async\" src=\"https:\/\/static.hupso.com\/share\/buttons\/dot.png\" style=\"border:0px; padding-top:2px; float:left;\" alt=\"Share Button\"\/><\/a><script type=\"text\/javascript\">var hupso_services_c=new Array(\"twitter\",\"facebook_like\",\"facebook_send\",\"google\",\"pinterest\",\"email\",\"print\",\"linkedin\");var hupso_counters_lang = \"pt_BR\";var hupso_image_folder_url = \"\";var hupso_url_c=\"\";var hupso_title_c=\"Jatob%C3%A1%20fruto%20inteiro-%201%20kg\";<\/script><script type=\"text\/javascript\" src=\"https:\/\/static.hupso.com\/share\/js\/counters.js\"><\/script><!-- Hupso Share Buttons --><\/div>","protected":false},"excerpt":{"rendered":"<p>Nome popular: Jata\u00ed, jata\u00ed-a\u00e7u, jata\u00edba, aboti-timbai. Princ\u00edpio ativo: Pectina, sais minerais, prote\u00ednas, gorduras, mucilagens, c\u00e1lcio, f\u00f3sforo, ferro, pot\u00e1ssio e magn\u00e9sio. Propriedades: Adstringentes, antibacteriana, antiespasm\u00f3dica, antif\u00fangica, anti-inflamat\u00f3ria, peitoral, verm\u00edfuga, estom\u00e1quica. Indica\u00e7\u00f5es: Combate cistites, dis\u00faria, an\u00faria, prostatite, dores no est\u00f4mago, peito e costas, fraturas, artrite, diarreia, asma, bronquite, tosse, febre. Modo de usar: Pode ser usada no [&hellip;]<\/p>\n","protected":false},"featured_media":2433,"comment_status":"open","ping_status":"closed","template":"","meta":{"_et_pb_use_builder":"","_et_pb_old_content":"","_et_gb_content_width":""},"product_cat":[23],"product_tag":[],"_links":{"self":[{"href":"https:\/\/lojacasadasfolhas.com.br\/site\/wp-json\/wp\/v2\/product\/1545"}],"collection":[{"href":"https:\/\/lojacasadasfolhas.com.br\/site\/wp-json\/wp\/v2\/product"}],"about":[{"href":"https:\/\/lojacasadasfolhas.com.br\/site\/wp-json\/wp\/v2\/types\/product"}],"replies":[{"embeddable":true,"href":"https:\/\/lojacasadasfolhas.com.br\/site\/wp-json\/wp\/v2\/comments?post=1545"}],"wp:featuredmedia":[{"embeddable":true,"href":"https:\/\/lojacasadasfolhas.com.br\/site\/wp-json\/wp\/v2\/media\/2433"}],"wp:attachment":[{"href":"https:\/\/lojacasadasfolhas.com.br\/site\/wp-json\/wp\/v2\/media?parent=1545"}],"wp:term":[{"taxonomy":"product_cat","embeddable":true,"href":"https:\/\/lojacasadasfolhas.com.br\/site\/wp-json\/wp\/v2\/product_cat?post=1545"},{"taxonomy":"product_tag","embeddable":true,"href":"https:\/\/lojacasadasfolhas.com.br\/site\/wp-json\/wp\/v2\/product_tag?post=1545"}],"curies":[{"name":"wp","href":"https:\/\/api.w.org\/{rel}","templated":true}]}}