{"id":1942,"date":"2023-03-10T12:36:38","date_gmt":"2023-03-10T12:36:38","guid":{"rendered":"https:\/\/lojacasadasfolhas.com.br\/site\/?post_type=product&#038;p=1942"},"modified":"2025-09-17T15:46:17","modified_gmt":"2025-09-17T15:46:17","slug":"mudas-de-babosa-kit-3-mudas","status":"publish","type":"product","link":"https:\/\/lojacasadasfolhas.com.br\/site\/produto\/mudas-de-babosa-kit-3-mudas\/","title":{"rendered":"Babosa- muda com raiz nua"},"content":{"rendered":"<p>1 muda com raiz nua de babosa para plantar em vaso.<\/p>\n<p><strong>Nome popular:\u00a0<\/strong><strong>\u00a0<\/strong>Alo\u00e9 vera, Caraguat\u00e1, Erva babosa, Babosa de botica ou Babosa de jardim<\/p>\n<p><strong>Utilidades:<\/strong>\u00a0Cabelo= tratar a queda de cabelo, hidrata e estimula o crescimento, elimina caspa.<br \/>\nPele= removedor de maquiagem, combater rugas, limpeza profunda da pele.<\/p>\n<p><strong>Modo de usar:<\/strong>\u00a0cabelo= misturar de 2 a 3 colheres de sopa do gel do interior da babosa sobre o cabelo desde a raiz as pontas. Deixar agir 5 minutos e remover com \u00e1gua fria e shampoo. Repetir o processo 1 vez na semana.<br \/>\npele= aplicar o gel da folha com um algod\u00e3o sobre a pele no local desejado, remover com \u00e1gua fria e sab\u00e3o. Repetir o processo 3 vezes por semana.<\/p>\n<div style=\"padding-bottom:20px; padding-top:10px;\" class=\"hupso-share-buttons\"><!-- Hupso Share Buttons - https:\/\/www.hupso.com\/share\/ --><a class=\"hupso_counters\" href=\"https:\/\/www.hupso.com\/share\/\"><img decoding=\"async\" src=\"https:\/\/static.hupso.com\/share\/buttons\/dot.png\" style=\"border:0px; padding-top:2px; float:left;\" alt=\"Share Button\"\/><\/a><script type=\"text\/javascript\">var hupso_services_c=new Array(\"twitter\",\"facebook_like\",\"facebook_send\",\"google\",\"pinterest\",\"email\",\"print\",\"linkedin\");var hupso_counters_lang = \"pt_BR\";var hupso_image_folder_url = \"\";var hupso_url_c=\"\";var hupso_title_c=\"Babosa-%20muda%20com%20raiz%20nua\";<\/script><script type=\"text\/javascript\" src=\"https:\/\/static.hupso.com\/share\/js\/counters.js\"><\/script><!-- Hupso Share Buttons --><\/div>","protected":false},"excerpt":{"rendered":"<p>1 muda com raiz nua de babosa para plantar em vaso. Nome popular:\u00a0\u00a0Alo\u00e9 vera, Caraguat\u00e1, Erva babosa, Babosa de botica ou Babosa de jardim Utilidades:\u00a0Cabelo= tratar a queda de cabelo, hidrata e estimula o crescimento, elimina caspa. Pele= removedor de maquiagem, combater rugas, limpeza profunda da pele. Modo de usar:\u00a0cabelo= misturar de 2 a 3 [&hellip;]<\/p>\n","protected":false},"featured_media":1943,"comment_status":"open","ping_status":"closed","template":"","meta":{"_et_pb_use_builder":"","_et_pb_old_content":"","_et_gb_content_width":""},"product_cat":[23],"product_tag":[],"_links":{"self":[{"href":"https:\/\/lojacasadasfolhas.com.br\/site\/wp-json\/wp\/v2\/product\/1942"}],"collection":[{"href":"https:\/\/lojacasadasfolhas.com.br\/site\/wp-json\/wp\/v2\/product"}],"about":[{"href":"https:\/\/lojacasadasfolhas.com.br\/site\/wp-json\/wp\/v2\/types\/product"}],"replies":[{"embeddable":true,"href":"https:\/\/lojacasadasfolhas.com.br\/site\/wp-json\/wp\/v2\/comments?post=1942"}],"wp:featuredmedia":[{"embeddable":true,"href":"https:\/\/lojacasadasfolhas.com.br\/site\/wp-json\/wp\/v2\/media\/1943"}],"wp:attachment":[{"href":"https:\/\/lojacasadasfolhas.com.br\/site\/wp-json\/wp\/v2\/media?parent=1942"}],"wp:term":[{"taxonomy":"product_cat","embeddable":true,"href":"https:\/\/lojacasadasfolhas.com.br\/site\/wp-json\/wp\/v2\/product_cat?post=1942"},{"taxonomy":"product_tag","embeddable":true,"href":"https:\/\/lojacasadasfolhas.com.br\/site\/wp-json\/wp\/v2\/product_tag?post=1942"}],"curies":[{"name":"wp","href":"https:\/\/api.w.org\/{rel}","templated":true}]}}