{"id":1991,"date":"2023-05-04T12:34:17","date_gmt":"2023-05-04T12:34:17","guid":{"rendered":"https:\/\/lojacasadasfolhas.com.br\/site\/?post_type=product&#038;p=1991"},"modified":"2025-09-17T15:38:07","modified_gmt":"2025-09-17T15:38:07","slug":"espada-de-sao-jorge-hastes-redondas-muda-6-mudas-em-raiz-nua","status":"publish","type":"product","link":"https:\/\/lojacasadasfolhas.com.br\/site\/produto\/espada-de-sao-jorge-hastes-redondas-muda-6-mudas-em-raiz-nua\/","title":{"rendered":"Espada de S\u00e3o Jorge hastes redondas muda- 6 mudas em raiz nua"},"content":{"rendered":"<div>Pacote com 6 mudas de Espada de S\u00e3o Jorge.<\/div>\n<div>A Espada de S\u00e3o Jorge<em>\u00a0<\/em>\u00e9 conhecida por ser uma das melhores esp\u00e9cies de plantas com a\u00e7\u00e3o purificadora para os ambientes e energias. Suas propriedades permitem que ela absorva subst\u00e2ncias t\u00f3xicas do ar durante o dia, enquanto \u00e0 noite libera oxig\u00eanio limpo.\u00a0Esse efeito auxilia na purifica\u00e7\u00e3o dos c\u00f4modos da casa.<\/div>\n<div style=\"padding-bottom:20px; padding-top:10px;\" class=\"hupso-share-buttons\"><!-- Hupso Share Buttons - https:\/\/www.hupso.com\/share\/ --><a class=\"hupso_counters\" href=\"https:\/\/www.hupso.com\/share\/\"><img decoding=\"async\" src=\"https:\/\/static.hupso.com\/share\/buttons\/dot.png\" style=\"border:0px; padding-top:2px; float:left;\" alt=\"Share Button\"\/><\/a><script type=\"text\/javascript\">var hupso_services_c=new Array(\"twitter\",\"facebook_like\",\"facebook_send\",\"google\",\"pinterest\",\"email\",\"print\",\"linkedin\");var hupso_counters_lang = \"pt_BR\";var hupso_image_folder_url = \"\";var hupso_url_c=\"\";var hupso_title_c=\"Espada%20de%20S%C3%A3o%20Jorge%20hastes%20redondas%20muda-%206%20mudas%20em%20raiz%20nua\";<\/script><script type=\"text\/javascript\" src=\"https:\/\/static.hupso.com\/share\/js\/counters.js\"><\/script><!-- Hupso Share Buttons --><\/div>","protected":false},"excerpt":{"rendered":"<p>Pacote com 6 mudas de Espada de S\u00e3o Jorge. A Espada de S\u00e3o Jorge\u00a0\u00e9 conhecida por ser uma das melhores esp\u00e9cies de plantas com a\u00e7\u00e3o purificadora para os ambientes e energias. Suas propriedades permitem que ela absorva subst\u00e2ncias t\u00f3xicas do ar durante o dia, enquanto \u00e0 noite libera oxig\u00eanio limpo.\u00a0Esse efeito auxilia na purifica\u00e7\u00e3o dos [&hellip;]<\/p>\n","protected":false},"featured_media":1924,"comment_status":"open","ping_status":"closed","template":"","meta":{"_et_pb_use_builder":"","_et_pb_old_content":"","_et_gb_content_width":""},"product_cat":[23],"product_tag":[],"_links":{"self":[{"href":"https:\/\/lojacasadasfolhas.com.br\/site\/wp-json\/wp\/v2\/product\/1991"}],"collection":[{"href":"https:\/\/lojacasadasfolhas.com.br\/site\/wp-json\/wp\/v2\/product"}],"about":[{"href":"https:\/\/lojacasadasfolhas.com.br\/site\/wp-json\/wp\/v2\/types\/product"}],"replies":[{"embeddable":true,"href":"https:\/\/lojacasadasfolhas.com.br\/site\/wp-json\/wp\/v2\/comments?post=1991"}],"wp:featuredmedia":[{"embeddable":true,"href":"https:\/\/lojacasadasfolhas.com.br\/site\/wp-json\/wp\/v2\/media\/1924"}],"wp:attachment":[{"href":"https:\/\/lojacasadasfolhas.com.br\/site\/wp-json\/wp\/v2\/media?parent=1991"}],"wp:term":[{"taxonomy":"product_cat","embeddable":true,"href":"https:\/\/lojacasadasfolhas.com.br\/site\/wp-json\/wp\/v2\/product_cat?post=1991"},{"taxonomy":"product_tag","embeddable":true,"href":"https:\/\/lojacasadasfolhas.com.br\/site\/wp-json\/wp\/v2\/product_tag?post=1991"}],"curies":[{"name":"wp","href":"https:\/\/api.w.org\/{rel}","templated":true}]}}