{"id":2317,"date":"2025-06-23T18:39:03","date_gmt":"2025-06-23T18:39:03","guid":{"rendered":"https:\/\/lojacasadasfolhas.com.br\/site\/?post_type=product&#038;p=2317"},"modified":"2025-09-17T14:45:57","modified_gmt":"2025-09-17T14:45:57","slug":"4-bolachas-de-madeira-rustica-20-centimetros","status":"publish","type":"product","link":"https:\/\/lojacasadasfolhas.com.br\/site\/produto\/4-bolachas-de-madeira-rustica-20-centimetros\/","title":{"rendered":"10 Bolachas de Madeira R\u00fastica 20 cent\u00edmetros"},"content":{"rendered":"<p>Produto Natural, R\u00fasticas, planas para decora\u00e7\u00e3o artesanato, enfeite, suporte de panela, porta-copo porta prato etc: Madeira de poda em \u00e1rea pr\u00f3pria de pomar e jardim.<\/p>\n<div style=\"padding-bottom:20px; padding-top:10px;\" class=\"hupso-share-buttons\"><!-- Hupso Share Buttons - https:\/\/www.hupso.com\/share\/ --><a class=\"hupso_counters\" href=\"https:\/\/www.hupso.com\/share\/\"><img decoding=\"async\" src=\"https:\/\/static.hupso.com\/share\/buttons\/dot.png\" style=\"border:0px; padding-top:2px; float:left;\" alt=\"Share Button\"\/><\/a><script type=\"text\/javascript\">var hupso_services_c=new Array(\"twitter\",\"facebook_like\",\"facebook_send\",\"google\",\"pinterest\",\"email\",\"print\",\"linkedin\");var hupso_counters_lang = \"pt_BR\";var hupso_image_folder_url = \"\";var hupso_url_c=\"\";var hupso_title_c=\"10%20Bolachas%20de%20Madeira%20R%C3%BAstica%2020%20cent%C3%ADmetros\";<\/script><script type=\"text\/javascript\" src=\"https:\/\/static.hupso.com\/share\/js\/counters.js\"><\/script><!-- Hupso Share Buttons --><\/div>","protected":false},"excerpt":{"rendered":"<p>Produto Natural, R\u00fasticas, planas para decora\u00e7\u00e3o artesanato, enfeite, suporte de panela, porta-copo porta prato etc: Madeira de poda em \u00e1rea pr\u00f3pria de pomar e jardim.<\/p>\n","protected":false},"featured_media":2315,"comment_status":"open","ping_status":"closed","template":"","meta":{"_et_pb_use_builder":"","_et_pb_old_content":"","_et_gb_content_width":""},"product_cat":[23],"product_tag":[],"_links":{"self":[{"href":"https:\/\/lojacasadasfolhas.com.br\/site\/wp-json\/wp\/v2\/product\/2317"}],"collection":[{"href":"https:\/\/lojacasadasfolhas.com.br\/site\/wp-json\/wp\/v2\/product"}],"about":[{"href":"https:\/\/lojacasadasfolhas.com.br\/site\/wp-json\/wp\/v2\/types\/product"}],"replies":[{"embeddable":true,"href":"https:\/\/lojacasadasfolhas.com.br\/site\/wp-json\/wp\/v2\/comments?post=2317"}],"wp:featuredmedia":[{"embeddable":true,"href":"https:\/\/lojacasadasfolhas.com.br\/site\/wp-json\/wp\/v2\/media\/2315"}],"wp:attachment":[{"href":"https:\/\/lojacasadasfolhas.com.br\/site\/wp-json\/wp\/v2\/media?parent=2317"}],"wp:term":[{"taxonomy":"product_cat","embeddable":true,"href":"https:\/\/lojacasadasfolhas.com.br\/site\/wp-json\/wp\/v2\/product_cat?post=2317"},{"taxonomy":"product_tag","embeddable":true,"href":"https:\/\/lojacasadasfolhas.com.br\/site\/wp-json\/wp\/v2\/product_tag?post=2317"}],"curies":[{"name":"wp","href":"https:\/\/api.w.org\/{rel}","templated":true}]}}