{"id":2425,"date":"2026-01-22T16:59:56","date_gmt":"2026-01-22T16:59:56","guid":{"rendered":"https:\/\/lojacasadasfolhas.com.br\/site\/?post_type=product&#038;p=2425"},"modified":"2026-01-22T16:59:56","modified_gmt":"2026-01-22T16:59:56","slug":"bolacha-de-madeira-pinus-30-unidades-10-centimetros","status":"publish","type":"product","link":"https:\/\/lojacasadasfolhas.com.br\/site\/produto\/bolacha-de-madeira-pinus-30-unidades-10-centimetros\/","title":{"rendered":"Bolacha de Madeira Pinus 30 unidades 10 cent\u00edmetros"},"content":{"rendered":"<p>Bolachas de Pinus branquinha.<\/p>\n<p>R\u00fastica com cascas.<\/p>\n<p>Sem farpas.<\/p>\n<p>Edi\u00e7\u00e3o especial.<\/p>\n<p>Semi lixadas.<\/p>\n<p>Com an\u00e9is naturais aparentes.<\/p>\n<p>PODE SAIR PARTE DA CASCA.<\/p>\n<p>PODE TER ALGUMA TRINCA.<\/p>\n<div style=\"padding-bottom:20px; padding-top:10px;\" class=\"hupso-share-buttons\"><!-- Hupso Share Buttons - https:\/\/www.hupso.com\/share\/ --><a class=\"hupso_counters\" href=\"https:\/\/www.hupso.com\/share\/\"><img decoding=\"async\" src=\"https:\/\/static.hupso.com\/share\/buttons\/dot.png\" style=\"border:0px; padding-top:2px; float:left;\" alt=\"Share Button\"\/><\/a><script type=\"text\/javascript\">var hupso_services_c=new Array(\"twitter\",\"facebook_like\",\"facebook_send\",\"google\",\"pinterest\",\"email\",\"print\",\"linkedin\");var hupso_counters_lang = \"pt_BR\";var hupso_image_folder_url = \"\";var hupso_url_c=\"\";var hupso_title_c=\"Bolacha%20de%20Madeira%20Pinus%2030%20unidades%2010%20cent%C3%ADmetros\";<\/script><script type=\"text\/javascript\" src=\"https:\/\/static.hupso.com\/share\/js\/counters.js\"><\/script><!-- Hupso Share Buttons --><\/div>","protected":false},"excerpt":{"rendered":"<p>Bolachas de Pinus branquinha. R\u00fastica com cascas. Sem farpas. Edi\u00e7\u00e3o especial. Semi lixadas. Com an\u00e9is naturais aparentes. PODE SAIR PARTE DA CASCA. PODE TER ALGUMA TRINCA.<\/p>\n","protected":false},"featured_media":2420,"comment_status":"open","ping_status":"closed","template":"","meta":{"_et_pb_use_builder":"","_et_pb_old_content":"","_et_gb_content_width":""},"product_cat":[23],"product_tag":[],"_links":{"self":[{"href":"https:\/\/lojacasadasfolhas.com.br\/site\/wp-json\/wp\/v2\/product\/2425"}],"collection":[{"href":"https:\/\/lojacasadasfolhas.com.br\/site\/wp-json\/wp\/v2\/product"}],"about":[{"href":"https:\/\/lojacasadasfolhas.com.br\/site\/wp-json\/wp\/v2\/types\/product"}],"replies":[{"embeddable":true,"href":"https:\/\/lojacasadasfolhas.com.br\/site\/wp-json\/wp\/v2\/comments?post=2425"}],"wp:featuredmedia":[{"embeddable":true,"href":"https:\/\/lojacasadasfolhas.com.br\/site\/wp-json\/wp\/v2\/media\/2420"}],"wp:attachment":[{"href":"https:\/\/lojacasadasfolhas.com.br\/site\/wp-json\/wp\/v2\/media?parent=2425"}],"wp:term":[{"taxonomy":"product_cat","embeddable":true,"href":"https:\/\/lojacasadasfolhas.com.br\/site\/wp-json\/wp\/v2\/product_cat?post=2425"},{"taxonomy":"product_tag","embeddable":true,"href":"https:\/\/lojacasadasfolhas.com.br\/site\/wp-json\/wp\/v2\/product_tag?post=2425"}],"curies":[{"name":"wp","href":"https:\/\/api.w.org\/{rel}","templated":true}]}}