{"id":2451,"date":"2026-02-26T17:42:02","date_gmt":"2026-02-26T17:42:02","guid":{"rendered":"https:\/\/lojacasadasfolhas.com.br\/site\/?post_type=product&#038;p=2451"},"modified":"2026-02-26T17:42:02","modified_gmt":"2026-02-26T17:42:02","slug":"urucum-bico-de-pato-fruto-inteiro-1-kilo","status":"publish","type":"product","link":"https:\/\/lojacasadasfolhas.com.br\/site\/produto\/urucum-bico-de-pato-fruto-inteiro-1-kilo\/","title":{"rendered":"Urucum Bico de Pato- fruto inteiro- 1 kilo"},"content":{"rendered":"<p><strong>Princ\u00edpio ativo:\u00a0<\/strong>caroten\u00f3ides, tocofer\u00f3is, flavon\u00f3ides, vitamina A, f\u00f3sforo, magn\u00e9sio, c\u00e1lcio e pot\u00e1ssio.<\/p>\n<p><strong>Indica\u00e7\u00e3o:\u00a0<\/strong>melhora a sa\u00fade dos olhos, combate o envelhecimento da pele, previne doen\u00e7as cardiovasculares, controla press\u00e3o arterial, regula o a\u00e7\u00facar no sangue, melhora o sistema digestivo, mant\u00e9m os ossos saud\u00e1veis, mant\u00e9m a sa\u00fade do c\u00e9rebro, cicatriza a pele, elimina fungos e bact\u00e9rias.<\/p>\n<p><strong>Modo de usar:\u00a0<\/strong>adicionar 1 colher de sopa de semente de urucum em 1 litro de \u00e1gua fervente e deixar descansar por 15 minutos. Retirar a semente e beber de 2 a 3 x\u00edcaras por dia.<\/p>\n<p><strong>Contraindica\u00e7\u00e3o:\u00a0<\/strong><\/p>\n<p>O urucum n\u00e3o deve ser usado por mulheres gr\u00e1vidas ou em amamenta\u00e7\u00e3o pois n\u00e3o existem estudos suficientes que comprovem sua seguran\u00e7a. Al\u00e9m disso, pessoas que ir\u00e3o realizar cirurgias tamb\u00e9m devem evitar o uso do urucum, j\u00e1 que pode alterar os n\u00edveis de a\u00e7\u00facar no sangue.<\/p>\n<p>Al\u00e9m disso, o urucum deve ser usado com precau\u00e7\u00e3o por pessoas que usam medicamentos para diabetes como glimepirida ou insulina, por exemplo, pois pode causar diminui\u00e7\u00e3o brusca da glicemia e levar ao aparecimento de sintomas de hipoglicemia como excesso de suor, nervosismo, agita\u00e7\u00e3o, tremores, confus\u00e3o mental, palpita\u00e7\u00f5es ou desmaio.<\/p>\n<p>O urucum tamb\u00e9m n\u00e3o deve ser utilizado por pessoas que tenham insufici\u00eancia renal ou que estejam fazendo uso de medicamentos para tratar a hipertens\u00e3o e diur\u00e9ticos.<\/p>\n<div style=\"padding-bottom:20px; padding-top:10px;\" class=\"hupso-share-buttons\"><!-- Hupso Share Buttons - https:\/\/www.hupso.com\/share\/ --><a class=\"hupso_counters\" href=\"https:\/\/www.hupso.com\/share\/\"><img decoding=\"async\" src=\"https:\/\/static.hupso.com\/share\/buttons\/dot.png\" style=\"border:0px; padding-top:2px; float:left;\" alt=\"Share Button\"\/><\/a><script type=\"text\/javascript\">var hupso_services_c=new Array(\"twitter\",\"facebook_like\",\"facebook_send\",\"google\",\"pinterest\",\"email\",\"print\",\"linkedin\");var hupso_counters_lang = \"pt_BR\";var hupso_image_folder_url = \"\";var hupso_url_c=\"\";var hupso_title_c=\"Urucum%20Bico%20de%20Pato-%20fruto%20inteiro-%201%20kilo\";<\/script><script type=\"text\/javascript\" src=\"https:\/\/static.hupso.com\/share\/js\/counters.js\"><\/script><!-- Hupso Share Buttons --><\/div>","protected":false},"excerpt":{"rendered":"<p>Princ\u00edpio ativo:\u00a0caroten\u00f3ides, tocofer\u00f3is, flavon\u00f3ides, vitamina A, f\u00f3sforo, magn\u00e9sio, c\u00e1lcio e pot\u00e1ssio. Indica\u00e7\u00e3o:\u00a0melhora a sa\u00fade dos olhos, combate o envelhecimento da pele, previne doen\u00e7as cardiovasculares, controla press\u00e3o arterial, regula o a\u00e7\u00facar no sangue, melhora o sistema digestivo, mant\u00e9m os ossos saud\u00e1veis, mant\u00e9m a sa\u00fade do c\u00e9rebro, cicatriza a pele, elimina fungos e bact\u00e9rias. Modo de usar:\u00a0adicionar [&hellip;]<\/p>\n","protected":false},"featured_media":2452,"comment_status":"open","ping_status":"closed","template":"","meta":{"_et_pb_use_builder":"","_et_pb_old_content":"","_et_gb_content_width":""},"product_cat":[23],"product_tag":[],"_links":{"self":[{"href":"https:\/\/lojacasadasfolhas.com.br\/site\/wp-json\/wp\/v2\/product\/2451"}],"collection":[{"href":"https:\/\/lojacasadasfolhas.com.br\/site\/wp-json\/wp\/v2\/product"}],"about":[{"href":"https:\/\/lojacasadasfolhas.com.br\/site\/wp-json\/wp\/v2\/types\/product"}],"replies":[{"embeddable":true,"href":"https:\/\/lojacasadasfolhas.com.br\/site\/wp-json\/wp\/v2\/comments?post=2451"}],"wp:featuredmedia":[{"embeddable":true,"href":"https:\/\/lojacasadasfolhas.com.br\/site\/wp-json\/wp\/v2\/media\/2452"}],"wp:attachment":[{"href":"https:\/\/lojacasadasfolhas.com.br\/site\/wp-json\/wp\/v2\/media?parent=2451"}],"wp:term":[{"taxonomy":"product_cat","embeddable":true,"href":"https:\/\/lojacasadasfolhas.com.br\/site\/wp-json\/wp\/v2\/product_cat?post=2451"},{"taxonomy":"product_tag","embeddable":true,"href":"https:\/\/lojacasadasfolhas.com.br\/site\/wp-json\/wp\/v2\/product_tag?post=2451"}],"curies":[{"name":"wp","href":"https:\/\/api.w.org\/{rel}","templated":true}]}}