{"id":2454,"date":"2026-03-06T11:12:40","date_gmt":"2026-03-06T11:12:40","guid":{"rendered":"https:\/\/lojacasadasfolhas.com.br\/site\/?post_type=product&#038;p=2454"},"modified":"2026-03-06T11:16:16","modified_gmt":"2026-03-06T11:16:16","slug":"sementes-de-urucum-250-gramas","status":"publish","type":"product","link":"https:\/\/lojacasadasfolhas.com.br\/site\/produto\/sementes-de-urucum-250-gramas\/","title":{"rendered":"Sementes de urucum 250 gramas"},"content":{"rendered":"<p class=\"QN2lPu\">Caracter\u00edsticas do produto:<\/p>\n<p class=\"QN2lPu\">\u2022 100% natural e artesanal<\/p>\n<p class=\"QN2lPu\">\u2022 Cultivo sustent\u00e1vel, sem uso de agrot\u00f3xicos<\/p>\n<p class=\"QN2lPu\">\u2022 Ideal para colorir e temperar alimentos, como arroz, caldos, molhos e muito mais<\/p>\n<p class=\"QN2lPu\">\u2022 Tamb\u00e9m pode ser utilizada na produ\u00e7\u00e3o de cosm\u00e9ticos e artesanatos naturais<\/p>\n<div style=\"padding-bottom:20px; padding-top:10px;\" class=\"hupso-share-buttons\"><!-- Hupso Share Buttons - https:\/\/www.hupso.com\/share\/ --><a class=\"hupso_counters\" href=\"https:\/\/www.hupso.com\/share\/\"><img decoding=\"async\" src=\"https:\/\/static.hupso.com\/share\/buttons\/dot.png\" style=\"border:0px; padding-top:2px; float:left;\" alt=\"Share Button\"\/><\/a><script type=\"text\/javascript\">var hupso_services_c=new Array(\"twitter\",\"facebook_like\",\"facebook_send\",\"google\",\"pinterest\",\"email\",\"print\",\"linkedin\");var hupso_counters_lang = \"pt_BR\";var hupso_image_folder_url = \"\";var hupso_url_c=\"\";var hupso_title_c=\"Sementes%20de%20urucum%20250%20gramas\";<\/script><script type=\"text\/javascript\" src=\"https:\/\/static.hupso.com\/share\/js\/counters.js\"><\/script><!-- Hupso Share Buttons --><\/div>","protected":false},"excerpt":{"rendered":"<p>Caracter\u00edsticas do produto: \u2022 100% natural e artesanal \u2022 Cultivo sustent\u00e1vel, sem uso de agrot\u00f3xicos \u2022 Ideal para colorir e temperar alimentos, como arroz, caldos, molhos e muito mais \u2022 Tamb\u00e9m pode ser utilizada na produ\u00e7\u00e3o de cosm\u00e9ticos e artesanatos naturais<\/p>\n","protected":false},"featured_media":2455,"comment_status":"open","ping_status":"closed","template":"","meta":{"_et_pb_use_builder":"","_et_pb_old_content":"","_et_gb_content_width":""},"product_cat":[23],"product_tag":[],"_links":{"self":[{"href":"https:\/\/lojacasadasfolhas.com.br\/site\/wp-json\/wp\/v2\/product\/2454"}],"collection":[{"href":"https:\/\/lojacasadasfolhas.com.br\/site\/wp-json\/wp\/v2\/product"}],"about":[{"href":"https:\/\/lojacasadasfolhas.com.br\/site\/wp-json\/wp\/v2\/types\/product"}],"replies":[{"embeddable":true,"href":"https:\/\/lojacasadasfolhas.com.br\/site\/wp-json\/wp\/v2\/comments?post=2454"}],"wp:featuredmedia":[{"embeddable":true,"href":"https:\/\/lojacasadasfolhas.com.br\/site\/wp-json\/wp\/v2\/media\/2455"}],"wp:attachment":[{"href":"https:\/\/lojacasadasfolhas.com.br\/site\/wp-json\/wp\/v2\/media?parent=2454"}],"wp:term":[{"taxonomy":"product_cat","embeddable":true,"href":"https:\/\/lojacasadasfolhas.com.br\/site\/wp-json\/wp\/v2\/product_cat?post=2454"},{"taxonomy":"product_tag","embeddable":true,"href":"https:\/\/lojacasadasfolhas.com.br\/site\/wp-json\/wp\/v2\/product_tag?post=2454"}],"curies":[{"name":"wp","href":"https:\/\/api.w.org\/{rel}","templated":true}]}}