{"id":2467,"date":"2026-03-12T14:21:53","date_gmt":"2026-03-12T14:21:53","guid":{"rendered":"https:\/\/lojacasadasfolhas.com.br\/site\/?post_type=product&#038;p=2467"},"modified":"2026-03-12T14:21:53","modified_gmt":"2026-03-12T14:21:53","slug":"caju-folhas-desidratadas-200-gramas","status":"publish","type":"product","link":"https:\/\/lojacasadasfolhas.com.br\/site\/produto\/caju-folhas-desidratadas-200-gramas\/","title":{"rendered":"Caju folhas desidratadas 200 gramas"},"content":{"rendered":"<div>Embalagem de 200 gramas de folhas desidratadas de caju.<\/div>\n<div>\n<div>Nome popular:\u00a0acaju, acaja\u00edba, oacaju, anacardo, acaju-a\u00e7\u00fa, acajuba, acaju\u00edba, cacaju, acaju-pakoba, acaju-piranga, caju-banana, caju-da-praia, caju-de-casa, caju-manso, caju-manteiga.<\/div>\n<div>Princ\u00edpios ativos:\u00a0asteroides, flavonoides, catequinas, fen\u00f3is, gomas, resinas, material corante, saponinas, taninos, vitamina C, a\u00e7\u00facares, carotenoides, \u00e1cidos org\u00e2nicos, prote\u00ednas, fibras etc.<\/div>\n<div>Indica\u00e7\u00f5es:\u00a0diabetes, infec\u00e7\u00e3o da garganta, diarreia, disenteria, colesterol, triglicer\u00eddeos, emagrecimento, frieira, cansa\u00e7o, eczema, reumatismo, avitaminose, feridas, \u00falceras, verrugas.<\/div>\n<div>Modo de usar:\u00a02 colheres de sopa de folhas para 1 litro de \u00e1gua, ferver por 10 minutos, deixar descansar por 10 minutos. Tomar de 3 a 4 x\u00edcaras ao dia.<\/div>\n<div>Contraindica\u00e7\u00f5es:\u00a0N\u00e3o foram encontrados efeitos colaterais.<\/div>\n<\/div>\n<div style=\"padding-bottom:20px; padding-top:10px;\" class=\"hupso-share-buttons\"><!-- Hupso Share Buttons - https:\/\/www.hupso.com\/share\/ --><a class=\"hupso_counters\" href=\"https:\/\/www.hupso.com\/share\/\"><img decoding=\"async\" src=\"https:\/\/static.hupso.com\/share\/buttons\/dot.png\" style=\"border:0px; padding-top:2px; float:left;\" alt=\"Share Button\"\/><\/a><script type=\"text\/javascript\">var hupso_services_c=new Array(\"twitter\",\"facebook_like\",\"facebook_send\",\"google\",\"pinterest\",\"email\",\"print\",\"linkedin\");var hupso_counters_lang = \"pt_BR\";var hupso_image_folder_url = \"\";var hupso_url_c=\"\";var hupso_title_c=\"Caju%20folhas%20desidratadas%20200%20gramas\";<\/script><script type=\"text\/javascript\" src=\"https:\/\/static.hupso.com\/share\/js\/counters.js\"><\/script><!-- Hupso Share Buttons --><\/div>","protected":false},"excerpt":{"rendered":"<p>Embalagem de 200 gramas de folhas desidratadas de caju. Nome popular:\u00a0acaju, acaja\u00edba, oacaju, anacardo, acaju-a\u00e7\u00fa, acajuba, acaju\u00edba, cacaju, acaju-pakoba, acaju-piranga, caju-banana, caju-da-praia, caju-de-casa, caju-manso, caju-manteiga. Princ\u00edpios ativos:\u00a0asteroides, flavonoides, catequinas, fen\u00f3is, gomas, resinas, material corante, saponinas, taninos, vitamina C, a\u00e7\u00facares, carotenoides, \u00e1cidos org\u00e2nicos, prote\u00ednas, fibras etc. Indica\u00e7\u00f5es:\u00a0diabetes, infec\u00e7\u00e3o da garganta, diarreia, disenteria, colesterol, triglicer\u00eddeos, emagrecimento, frieira, [&hellip;]<\/p>\n","protected":false},"featured_media":1510,"comment_status":"open","ping_status":"closed","template":"","meta":{"_et_pb_use_builder":"","_et_pb_old_content":"","_et_gb_content_width":""},"product_cat":[23],"product_tag":[],"_links":{"self":[{"href":"https:\/\/lojacasadasfolhas.com.br\/site\/wp-json\/wp\/v2\/product\/2467"}],"collection":[{"href":"https:\/\/lojacasadasfolhas.com.br\/site\/wp-json\/wp\/v2\/product"}],"about":[{"href":"https:\/\/lojacasadasfolhas.com.br\/site\/wp-json\/wp\/v2\/types\/product"}],"replies":[{"embeddable":true,"href":"https:\/\/lojacasadasfolhas.com.br\/site\/wp-json\/wp\/v2\/comments?post=2467"}],"wp:featuredmedia":[{"embeddable":true,"href":"https:\/\/lojacasadasfolhas.com.br\/site\/wp-json\/wp\/v2\/media\/1510"}],"wp:attachment":[{"href":"https:\/\/lojacasadasfolhas.com.br\/site\/wp-json\/wp\/v2\/media?parent=2467"}],"wp:term":[{"taxonomy":"product_cat","embeddable":true,"href":"https:\/\/lojacasadasfolhas.com.br\/site\/wp-json\/wp\/v2\/product_cat?post=2467"},{"taxonomy":"product_tag","embeddable":true,"href":"https:\/\/lojacasadasfolhas.com.br\/site\/wp-json\/wp\/v2\/product_tag?post=2467"}],"curies":[{"name":"wp","href":"https:\/\/api.w.org\/{rel}","templated":true}]}}