{"id":2468,"date":"2026-03-12T14:54:32","date_gmt":"2026-03-12T14:54:32","guid":{"rendered":"https:\/\/lojacasadasfolhas.com.br\/site\/?post_type=product&#038;p=2468"},"modified":"2026-03-12T14:54:33","modified_gmt":"2026-03-12T14:54:33","slug":"amendoeira-da-praia-fresca-200-gramas","status":"publish","type":"product","link":"https:\/\/lojacasadasfolhas.com.br\/site\/produto\/amendoeira-da-praia-fresca-200-gramas\/","title":{"rendered":"Amendoeira da Praia fresca 200 gramas"},"content":{"rendered":"<p>Pacote com 200 gramas de folhas frescas.<br \/>\nNome Popular:\u00a0amendoeira,\u00a0castanheira,\u00a0anoz,\u00a0\u00e1rvore-de-anoz,\u00a0castanholeira, cora\u00e7\u00e3o-de-nego,\u00a0castanhola,\u00a0sete-copas,\u00a0chap\u00e9u-de-sol,\u00a0guarda-sol,\u00a0termin\u00e1lia,\u00a0<span id=\"cite_ref-1\" class=\"reference\"><\/span>cora\u00e7\u00e3o-de-negro, figueira-da-\u00edndia, caroceiro, amendoeira da praia.<br \/>\nPrinc\u00edpios Ativos;\u00a0flavon\u00f3ides (como kamferol ou quercetina), v\u00e1rios taninos (como punicalina, punicalagin ou tercatina), saponinas e fitoester\u00f3is.<br \/>\nIndica\u00e7\u00f5es:\u00a0diarreia, desentiria, antimicrobiana, a\u00e7\u00e3o antimal\u00e1rica, protetora do f\u00edgado e dos rins contra danos medicamentosos, a\u00e7\u00e3o antioxidante e anti-inflamat\u00f3ria, a\u00e7\u00e3o antitumoral e preventiva de met\u00e1stases em diversos tipos de c\u00e2ncer.<br \/>\nModo\u00a0de usar:\u00a02 colheres de sopa de folhas picadas para 1 litro de \u00e1gua, levar ao fogo e deixar ferver por 10 minutos, desligar o fogo e deixar descansar por mais 10 minutos. 2 a 3 x\u00edcaras ao dia.<\/p>\n<div style=\"padding-bottom:20px; padding-top:10px;\" class=\"hupso-share-buttons\"><!-- Hupso Share Buttons - https:\/\/www.hupso.com\/share\/ --><a class=\"hupso_counters\" href=\"https:\/\/www.hupso.com\/share\/\"><img decoding=\"async\" src=\"https:\/\/static.hupso.com\/share\/buttons\/dot.png\" style=\"border:0px; padding-top:2px; float:left;\" alt=\"Share Button\"\/><\/a><script type=\"text\/javascript\">var hupso_services_c=new Array(\"twitter\",\"facebook_like\",\"facebook_send\",\"google\",\"pinterest\",\"email\",\"print\",\"linkedin\");var hupso_counters_lang = \"pt_BR\";var hupso_image_folder_url = \"\";var hupso_url_c=\"\";var hupso_title_c=\"Amendoeira%20da%20Praia%20fresca%20200%20gramas\";<\/script><script type=\"text\/javascript\" src=\"https:\/\/static.hupso.com\/share\/js\/counters.js\"><\/script><!-- Hupso Share Buttons --><\/div>","protected":false},"excerpt":{"rendered":"<p>Pacote com 200 gramas de folhas frescas. Nome Popular:\u00a0amendoeira,\u00a0castanheira,\u00a0anoz,\u00a0\u00e1rvore-de-anoz,\u00a0castanholeira, cora\u00e7\u00e3o-de-nego,\u00a0castanhola,\u00a0sete-copas,\u00a0chap\u00e9u-de-sol,\u00a0guarda-sol,\u00a0termin\u00e1lia,\u00a0cora\u00e7\u00e3o-de-negro, figueira-da-\u00edndia, caroceiro, amendoeira da praia. Princ\u00edpios Ativos;\u00a0flavon\u00f3ides (como kamferol ou quercetina), v\u00e1rios taninos (como punicalina, punicalagin ou tercatina), saponinas e fitoester\u00f3is. Indica\u00e7\u00f5es:\u00a0diarreia, desentiria, antimicrobiana, a\u00e7\u00e3o antimal\u00e1rica, protetora do f\u00edgado e dos rins contra danos medicamentosos, a\u00e7\u00e3o antioxidante e anti-inflamat\u00f3ria, a\u00e7\u00e3o antitumoral e preventiva de met\u00e1stases [&hellip;]<\/p>\n","protected":false},"featured_media":2469,"comment_status":"open","ping_status":"closed","template":"","meta":{"_et_pb_use_builder":"","_et_pb_old_content":"","_et_gb_content_width":""},"product_cat":[23],"product_tag":[],"_links":{"self":[{"href":"https:\/\/lojacasadasfolhas.com.br\/site\/wp-json\/wp\/v2\/product\/2468"}],"collection":[{"href":"https:\/\/lojacasadasfolhas.com.br\/site\/wp-json\/wp\/v2\/product"}],"about":[{"href":"https:\/\/lojacasadasfolhas.com.br\/site\/wp-json\/wp\/v2\/types\/product"}],"replies":[{"embeddable":true,"href":"https:\/\/lojacasadasfolhas.com.br\/site\/wp-json\/wp\/v2\/comments?post=2468"}],"wp:featuredmedia":[{"embeddable":true,"href":"https:\/\/lojacasadasfolhas.com.br\/site\/wp-json\/wp\/v2\/media\/2469"}],"wp:attachment":[{"href":"https:\/\/lojacasadasfolhas.com.br\/site\/wp-json\/wp\/v2\/media?parent=2468"}],"wp:term":[{"taxonomy":"product_cat","embeddable":true,"href":"https:\/\/lojacasadasfolhas.com.br\/site\/wp-json\/wp\/v2\/product_cat?post=2468"},{"taxonomy":"product_tag","embeddable":true,"href":"https:\/\/lojacasadasfolhas.com.br\/site\/wp-json\/wp\/v2\/product_tag?post=2468"}],"curies":[{"name":"wp","href":"https:\/\/api.w.org\/{rel}","templated":true}]}}